{"id":27,"date":"2022-02-10T11:54:36","date_gmt":"2022-02-10T11:54:36","guid":{"rendered":"https:\/\/project.ev2test.com\/?page_id=27"},"modified":"2022-02-11T09:18:36","modified_gmt":"2022-02-11T09:18:36","slug":"maison-du-camembert","status":"publish","type":"page","link":"https:\/\/project.ev2test.com\/","title":{"rendered":"Maison du Camembert"},"content":{"rendered":"\n<h2 class=\"animated fadeInLeft\">Le mus\u00e9e<\/h2>\n\n\n\n<p class=\"animated fadeInLeft\">Au c\u0153ur du village de Camembert, une authentique ferme normande du XVIIIe si\u00e8cle abrite la Maison du Camembert. <br>Le mus\u00e9e pr\u00e9sente l\u2019histoire du c\u00e9l\u00e8bre fromage normand, ses secrets de fabrication \u00e0 travers le temps, de la fabrication traditionnelle dans les fermes normandes aux fromageries d\u2019aujourd\u2019hui. <br>Vous y d\u00e9couvrirez une collection d\u2019\u00e9tiquettes de Camemberts du monde entier, un moment incontournable pour les tyros\u00e9miophiles.<\/p>\n\n\n\n<div style=\"height:100px\" aria-hidden=\"true\" class=\"wp-block-spacer\"><\/div>\n\n\n\n<div class=\"wp-block-columns\">\n<div class=\"wp-block-column\">\n<div class=\"wp-block-cover has-background-dim animated flipInY\"><img loading=\"lazy\" width=\"1200\" height=\"900\" class=\"wp-block-cover__image-background wp-image-32\" alt=\"\" src=\"https:\/\/project.ev2test.com\/wp-content\/uploads\/2022\/02\/maisoncamembert1920_5.jpg\" data-object-fit=\"cover\" srcset=\"https:\/\/project.ev2test.com\/wp-content\/uploads\/2022\/02\/maisoncamembert1920_5.jpg 1200w, https:\/\/project.ev2test.com\/wp-content\/uploads\/2022\/02\/maisoncamembert1920_5-300x225.jpg 300w, https:\/\/project.ev2test.com\/wp-content\/uploads\/2022\/02\/maisoncamembert1920_5-1024x768.jpg 1024w, https:\/\/project.ev2test.com\/wp-content\/uploads\/2022\/02\/maisoncamembert1920_5-768x576.jpg 768w\" sizes=\"(max-width: 1200px) 100vw, 1200px\" \/><div class=\"wp-block-cover__inner-container\">\n<h2>Les visites<\/h2>\n\n\n\n<p>La Maison du Camembert ouvre ses portes aux groupes (\u00e0 partir de 15 personnes), apr\u00e8s un accueil les visiteurs d\u00e9couvrent le mus\u00e9e en autonomie. Le personnel du mus\u00e9e reste \u00e0 disposition du groupe pour r\u00e9pondre aux questions.<\/p>\n\n\n\n<div class=\"wp-block-buttons\">\n<div class=\"wp-block-button is-style-outline\"><a class=\"wp-block-button__link has-white-color has-text-color\">D\u00e9couvrir<\/a><\/div>\n<\/div>\n<\/div><\/div>\n<\/div>\n\n\n\n<div class=\"wp-block-column\">\n<div class=\"wp-block-cover has-background-dim animated flipInY\"><img loading=\"lazy\" width=\"1200\" height=\"900\" class=\"wp-block-cover__image-background wp-image-33\" alt=\"\" src=\"https:\/\/project.ev2test.com\/wp-content\/uploads\/2022\/02\/maisoncamembert1920_6.jpg\" data-object-fit=\"cover\" srcset=\"https:\/\/project.ev2test.com\/wp-content\/uploads\/2022\/02\/maisoncamembert1920_6.jpg 1200w, https:\/\/project.ev2test.com\/wp-content\/uploads\/2022\/02\/maisoncamembert1920_6-300x225.jpg 300w, https:\/\/project.ev2test.com\/wp-content\/uploads\/2022\/02\/maisoncamembert1920_6-1024x768.jpg 1024w, https:\/\/project.ev2test.com\/wp-content\/uploads\/2022\/02\/maisoncamembert1920_6-768x576.jpg 768w\" sizes=\"(max-width: 1200px) 100vw, 1200px\" \/><div class=\"wp-block-cover__inner-container\">\n<h2>La fromagerie<\/h2>\n\n\n\n<p>Prolongez votre visite par la fromagerie du Clos de Beaumoncel pour d\u00e9couvrir les diff\u00e9rentes \u00e9tapes de fabrication du Camembert gr\u00e2ce aux baies vitr\u00e9es qui vous plongent au c\u0153ur des ateliers et aux vid\u00e9os qui vous expliquent la transformation du lait en Camembert de Normandie AOP.<\/p>\n<\/div><\/div>\n<\/div>\n<\/div>\n\n\n\n<div style=\"height:50px\" aria-hidden=\"true\" class=\"wp-block-spacer\"><\/div>\n\n\n\n<div class=\"wp-block-columns animated bounceInRight\">\n<div class=\"wp-block-column\">\n<figure class=\"wp-block-image size-large\"><img loading=\"lazy\" width=\"1024\" height=\"683\" src=\"https:\/\/project.ev2test.com\/wp-content\/uploads\/2022\/02\/maisoncamembert1920_1-1024x683.jpg\" alt=\"\" class=\"wp-image-34\" srcset=\"https:\/\/project.ev2test.com\/wp-content\/uploads\/2022\/02\/maisoncamembert1920_1-1024x683.jpg 1024w, https:\/\/project.ev2test.com\/wp-content\/uploads\/2022\/02\/maisoncamembert1920_1-300x200.jpg 300w, https:\/\/project.ev2test.com\/wp-content\/uploads\/2022\/02\/maisoncamembert1920_1-768x512.jpg 768w, https:\/\/project.ev2test.com\/wp-content\/uploads\/2022\/02\/maisoncamembert1920_1-1536x1024.jpg 1536w, https:\/\/project.ev2test.com\/wp-content\/uploads\/2022\/02\/maisoncamembert1920_1-1568x1045.jpg 1568w, https:\/\/project.ev2test.com\/wp-content\/uploads\/2022\/02\/maisoncamembert1920_1.jpg 1920w\" sizes=\"(max-width: 1024px) 100vw, 1024px\" \/><\/figure>\n<\/div>\n\n\n\n<div class=\"wp-block-column\">\n<h2>D\u00e9gustation &amp; boutique<\/h2>\n\n\n\n<p>Entrez dans la boutique de la Maison du Camembert, avec sa forme de bo\u00eete \u00e0 Camembert c\u2019est le lieu id\u00e9al pour d\u00e9guster et acheter le plus connu des fromages normands. C\u2019est dans cet espace que se d\u00e9roule la d\u00e9gustation de Camembert \u00e0 la fin de votre visite du mus\u00e9e.<\/p>\n<\/div>\n<\/div>\n\n\n\n<div style=\"height:50px\" aria-hidden=\"true\" class=\"wp-block-spacer\"><\/div>\n\n\n\n<h2 class=\"animated fadeInDown\">Autour du camembert<\/h2>\n\n\n\n<p class=\"animated fadeInUp\">Vous pourrez \u00e9galement y d\u00e9couvrir les autres fromages normands que sont le Livarot, le Pont l\u2019Ev\u00eaque et le Neufchatel qui comme le Camembert de Normandie b\u00e9n\u00e9ficient de l\u2019AOP (Appellation d\u2019Origine Prot\u00e9g\u00e9e). Vous y trouverez aussi des produits r\u00e9gionaux (cidre, pommeau, confiseries, \u2026) et un large choix d\u2019objets souvenirs.<\/p>\n\n\n<ul class=\"wp-block-latest-posts__list has-dates wp-block-latest-posts\"><li><div class=\"wp-block-latest-posts__featured-image alignleft\"><a href=\"https:\/\/project.ev2test.com\/index.php\/2019\/03\/27\/evenement-au-viaduc-de-la-souleuvre\/\"><img width=\"300\" height=\"200\" src=\"https:\/\/project.ev2test.com\/wp-content\/uploads\/2019\/03\/viaduc-300x200.jpg\" class=\"attachment-medium size-medium wp-post-image\" alt=\"\" loading=\"lazy\" style=\"\" srcset=\"https:\/\/project.ev2test.com\/wp-content\/uploads\/2019\/03\/viaduc-300x200.jpg 300w, https:\/\/project.ev2test.com\/wp-content\/uploads\/2019\/03\/viaduc-768x513.jpg 768w, https:\/\/project.ev2test.com\/wp-content\/uploads\/2019\/03\/viaduc-666x444.jpg 666w, https:\/\/project.ev2test.com\/wp-content\/uploads\/2019\/03\/viaduc.jpg 854w\" sizes=\"(max-width: 300px) 100vw, 300px\" \/><\/a><\/div><a href=\"https:\/\/project.ev2test.com\/index.php\/2019\/03\/27\/evenement-au-viaduc-de-la-souleuvre\/\">\u00c9v\u00e9nement au Viaduc de la Souleuvre<\/a><time datetime=\"2019-03-27T14:02:21+00:00\" class=\"wp-block-latest-posts__post-date\">27 mars 2019<\/time><div class=\"wp-block-latest-posts__post-full-content\"><!-- wp:paragraph -->\n<p>Les mascottes normandes soufflent les bougies du Viaduc de la Souleuvre. Chaque ann\u00e9e, au mois d\u2019ao\u00fbt, pour f\u00eater l\u2019anniversaire du Viaduc de la Souleuvre, l\u2019\u00e9quipe d\u2019AJ Hackett Normandie propose une session de sauts d\u00e9lires r\u00e9unissant plusieurs milliers de spectateurs. Un rendez-vous pendant lequel les amateurs de saut \u00e0 l\u2019\u00e9lastique redoublent de cr\u00e9ativit\u00e9 pour inventer des d\u00e9guisement et figures des plus d\u00e9lirants.<br>En 2018, pour son 28e anniversaire et pour f\u00eater le 4 millioni\u00e8me saut effectu\u00e9 par l\u2019ensemble des sites AJ Hackett dans le monde, le Viaduc de la Souleuvre a invit\u00e9 les mascottes de 13 sites de loisirs normands \u00e0 participer.<\/p>\n<!-- \/wp:paragraph --><\/div><\/li>\n<\/ul>","protected":false},"excerpt":{"rendered":"<p>Le mus\u00e9e Au c\u0153ur du village de Camembert, une authentique ferme normande du XVIIIe si\u00e8cle abrite la Maison du Camembert.<\/p>\n<p><span class=\"more-link\"><a href=\"https:\/\/project.ev2test.com\/\" class=\"readmore\">Continue reading<span class=\"screen-reader-text\">Maison du Camembert<\/span><\/a><\/span><\/p>\n","protected":false},"author":1,"featured_media":0,"parent":0,"menu_order":0,"comment_status":"closed","ping_status":"closed","template":"","meta":[],"_links":{"self":[{"href":"https:\/\/project.ev2test.com\/index.php\/wp-json\/wp\/v2\/pages\/27"}],"collection":[{"href":"https:\/\/project.ev2test.com\/index.php\/wp-json\/wp\/v2\/pages"}],"about":[{"href":"https:\/\/project.ev2test.com\/index.php\/wp-json\/wp\/v2\/types\/page"}],"author":[{"embeddable":true,"href":"https:\/\/project.ev2test.com\/index.php\/wp-json\/wp\/v2\/users\/1"}],"replies":[{"embeddable":true,"href":"https:\/\/project.ev2test.com\/index.php\/wp-json\/wp\/v2\/comments?post=27"}],"version-history":[{"count":13,"href":"https:\/\/project.ev2test.com\/index.php\/wp-json\/wp\/v2\/pages\/27\/revisions"}],"predecessor-version":[{"id":91,"href":"https:\/\/project.ev2test.com\/index.php\/wp-json\/wp\/v2\/pages\/27\/revisions\/91"}],"wp:attachment":[{"href":"https:\/\/project.ev2test.com\/index.php\/wp-json\/wp\/v2\/media?parent=27"}],"curies":[{"name":"wp","href":"https:\/\/api.w.org\/{rel}","templated":true}]}}